{"id":3331,"date":"2014-06-29T12:19:50","date_gmt":"2014-06-29T10:19:50","guid":{"rendered":"http:\/\/jan-jakobsen.dk\/?page_id=3331"},"modified":"2022-04-26T02:58:26","modified_gmt":"2022-04-26T00:58:26","slug":"fotos","status":"publish","type":"page","link":"https:\/\/jan-jakobsen.dk\/?page_id=3331","title":{"rendered":"Fotos\/video"},"content":{"rendered":"<ul>\n<li>Via denne side kan du en en r\u00e6kke arkiver&nbsp;med fotos og videosekvenser, jeg har taget i tidens l\u00f8b. En del html-baserede slides er i 2015 konverteret til m4v-filer. De fylder lidt mere, men giver bedre afvikling.<\/li>\n<\/ul>\n<p><strong>ET MINUT MED MUSKELSVIND:<\/strong><\/p>\n<p><strong>[NYT] Et minut med muskelsvind: Byr\u00e5dsarbejde<\/strong> &#8211; For mig at se er det s\u00e5 vigtigt, at vi blander os. Det g\u00f8r vi ved at v\u00e6re aktive i det politiske liv.<\/p>\n<p><iframe loading=\"lazy\" src=\"https:\/\/www.youtube.com\/embed\/WFqUD5KRO-I\" width=\"640\" height=\"360\" frameborder=\"0\" allowfullscreen=\"allowfullscreen\"><\/iframe><\/p>\n<hr>\n<p><strong>Et minut med muskelsvind: At skrive<\/strong>&nbsp;&#8211;&nbsp;Det er ikke altid lige nemt at skrive p\u00e5 en computer. Jeg g\u00f8r det ved at skrive med et joystick p\u00e5 sk\u00e6rmen &#8211; eller ved at diktere til computeren.<\/p>\n<p><iframe loading=\"lazy\" src=\"https:\/\/www.youtube.com\/embed\/n6YAxT_-5ZQ\" width=\"640\" height=\"360\" frameborder=\"0\" allowfullscreen=\"allowfullscreen\"><\/iframe><\/p>\n<hr>\n<p><strong>Et minut med muskelsvind: Styr verden<\/strong> &#8211; Om at bruge en Ipad til at styre om ikke hele verden s\u00e5 nogle n\u00f8dvendige omgivelser.<\/p>\n<p><iframe loading=\"lazy\" src=\"https:\/\/www.youtube.com\/embed\/UimbioGTUBQ\" width=\"640\" height=\"360\" frameborder=\"0\" allowfullscreen=\"allowfullscreen\"><\/iframe><\/p>\n<hr>\n<p><strong>Et minut med muskelsvind: P\u00e5 tur med overnatning<\/strong> &#8211; Det kan v\u00e6re lidt besv\u00e6rligt at rejse som respiratorbruger. Der skal pakkes en del ekstra udstyr &#8211; og intet m\u00e5 glemmes&#8230; men n\u00e5r alt fungerer, er det ingen sag.<\/p>\n<p><iframe loading=\"lazy\" src=\"https:\/\/www.youtube.com\/embed\/u_ZzvQevatw\" width=\"640\" height=\"360\" frameborder=\"0\" allowfullscreen=\"allowfullscreen\"><\/iframe><\/p>\n<hr>\n<p><strong>Et minut med muskelsvind: \u00c5h, at v\u00e6re en hj\u00e6lper<\/strong> &#8211;&nbsp;En gang imellem skal der ogs\u00e5 v\u00e6re plads til noget andet end d\u00f8delig alvor&#8230; s\u00e5 derfor denne &#8220;Et minut med muskelsvind &#8211; \u00c5h, at v\u00e6re en hj\u00e6lper&#8221;. Jeg vil lige tilf\u00f8je, at jeg i virkelighedens verden aldrig er st\u00f8dt p\u00e5 en hj\u00e6lper som ham her&#8230; og heldigvis for det.<\/p>\n<p><iframe loading=\"lazy\" src=\"https:\/\/www.youtube.com\/embed\/5ip-N-20WfE\" width=\"640\" height=\"360\" frameborder=\"0\" allowfullscreen=\"allowfullscreen\"><\/iframe><\/p>\n<hr>\n<p><strong>Et minut med muskelsvind &#8211;&nbsp;en k\u00f8retur<\/strong>&nbsp;&#8211;&nbsp;I nogle situationer p\u00e5virker muskelsvind mit liv&nbsp;meget &#8211; i andre slet ikke.&nbsp;Her er en k\u00f8retur i elk\u00f8restol p\u00e5 en cykelsti&nbsp;ad en &#8220;hovedf\u00e6rdsels\u00e5re&#8221; til mit lokalomr\u00e5de.<\/p>\n<p><iframe loading=\"lazy\" src=\"https:\/\/www.youtube.com\/embed\/oEI0d_3USC4\" width=\"640\" height=\"360\" frameborder=\"0\" allowfullscreen=\"allowfullscreen\"><\/iframe><\/p>\n<hr>\n<p><strong>Et minut med muskelsvind &#8211; musik<\/strong> &#8211;&nbsp;I nogle situationer p\u00e5virker muskelsvind mit liv&nbsp;meget &#8211; i andre slet ikke.&nbsp;Se med her, hvordan det har v\u00e6ret, fordi jeg har haft mange gode venner og i mere end 10 \u00e5r bl.a. kunne spille keyboards i forskellige bands&#8230; uden s\u00e5 meget som kunne b\u00e6re et kg af de tonsvis af udstyr jeg havde.<\/p>\n<p><iframe loading=\"lazy\" src=\"https:\/\/www.youtube.com\/embed\/34OOmHpMqFs\" width=\"640\" height=\"360\" frameborder=\"0\" allowfullscreen=\"allowfullscreen\"><\/iframe><\/p>\n<hr>\n<p><strong>Et minut med muskelsvind &#8211; vand<\/strong>&nbsp;&#8211; I nogle situationer p\u00e5virker muskelsvind mit liv&nbsp;meget &#8211; i andre slet ikke.<\/p>\n<p><iframe loading=\"lazy\" src=\"https:\/\/www.youtube.com\/embed\/e_BfiCNi8Fg\" width=\"640\" height=\"360\" frameborder=\"0\" allowfullscreen=\"allowfullscreen\"><\/iframe><\/p>\n<hr>\n<p><strong>Et minut med muskelsvind &#8211; indk\u00f8b<\/strong> &#8211; I nogle situationer p\u00e5virker muskelsvind mit liv&nbsp;meget &#8211; i andre slet ikke. Indk\u00f8b er lidt sv\u00e6rere&#8230; alene.<\/p>\n<p><iframe loading=\"lazy\" src=\"https:\/\/www.youtube.com\/embed\/xXg1wAfzYHY\" width=\"640\" height=\"360\" frameborder=\"0\" allowfullscreen=\"allowfullscreen\"><\/iframe><\/p>\n<hr>\n<p><strong>Et minut med muskelsvind &#8211;&nbsp;festival<\/strong>&nbsp;&#8211; I nogle situationer p\u00e5virker muskelsvind mit liv&nbsp;meget &#8211; i andre slet ikke.<\/p>\n<p><iframe loading=\"lazy\" src=\"https:\/\/www.youtube.com\/embed\/VR6juo2J1jk\" width=\"640\" height=\"360\" frameborder=\"0\" allowfullscreen=\"allowfullscreen\"><\/iframe><\/p>\n<p><strong>ANDRE VIDEOER:<\/strong><\/p>\n<p><a title=\"Ringsted \u00c5 2008-2015\" href=\"https:\/\/jan-jakobsen.dk\/ringsted_aa_slides_2008_2015.m4v\" target=\"_blank\" rel=\"noopener\">Ringsted \u00c5 &#8211; 2008-2015<\/a>&nbsp;&nbsp;&#8211;&nbsp;[m4v] &#8211;&nbsp;Nogle af mine fotos gennem \u00e5rene fra \u00e5en. De fleste er fra omr\u00e5det nedenfor Abelsvej. De er taget over mange \u00e5r og p\u00e5 flere \u00e5rstider. De nyeste fotos er f\u00f8rst. \u00a9 Jan Jakobsen 2015.<\/p>\n<p><a title=\"Efter\u00e5ret har mange farver\" href=\"https:\/\/jan-jakobsen.dk\/efteraaret_farver_slides.m4v\" target=\"_blank\" rel=\"noopener\">Efter\u00e5ret har mange farver<\/a>&nbsp; &nbsp;&#8211;&nbsp;[m4v] &#8211;&nbsp;&nbsp;Stillfotos g\u00f8r sig godt, is\u00e6r fra de sk\u00e6ve vinkler, som der er, men som vi sj\u00e6ldent giver os tid til at se eller ganske simpelt ikke kan se&#8230;&nbsp;\u00a9 Jan Jakobsen 2014.<\/p>\n<p><a href=\"https:\/\/www.youtube.com\/watch?v=AiimSYB4ADU&amp;feature=youtu.be\" target=\"_blank\" rel=\"noopener\">Fiske\u00f8je i \u00e5en &#8211; en video om, hvad et fiske\u00f8jekamera ser i vandet<\/a>&nbsp;&nbsp;&#8211;&nbsp;[m4v] &#8211;&nbsp;\u00a9 Jan Jakobsen 2014.<\/p>\n<p><a title=\"Ved slusen - en video over og i vandet\" href=\"http:\/\/youtu.be\/4hLMbF17Yn0\" target=\"_blank\" rel=\"noopener\">Ved slusen &#8211; en video over og i&nbsp;vandet<\/a>&nbsp;&nbsp;&#8211;&nbsp;[m4v] &#8211;&nbsp;\u00a9 Jan Jakobsen 2014.<\/p>\n<p><a title=\"Trapper\" href=\"https:\/\/jan-jakobsen.dk\/TRAPPER.mp4\" target=\"_blank\" rel=\"noopener\">Trapper &#8211; en fotoserie om tilg\u00e6ngelighed &#8211; Musik: Tom Sonntag, foto: Jan Jakobsen<\/a>&nbsp;&nbsp;&#8211;&nbsp;[m4v] &#8211;&nbsp;\u00a9 Jan Jakobsen\/Tom Sonntag 2014.<\/p>\n<p><a title=\"Fredstunnelen\" href=\"https:\/\/jan-jakobsen.dk\/peace-tunnel_slides.m4v\" target=\"_blank\" rel=\"noopener\">Fredstunnelen<\/a>&nbsp;&nbsp;&#8211;&nbsp;[m4v] &#8211; &nbsp;RINGSTED: Tunnelen under ringvejen ved N\u00f8rregade 100 til Ringstedet er blevet malet og kan nu smykke sig med titlen &#8220;Peace Tunnel&#8221;. Nogle dage i juli malede 7 pal\u00e6stinensiske graffiti-kunstnere l\u00f8s ikke blot i Ringsted, men ogs\u00e5 i Malm\u00f8 og i K\u00f8benhavn. Det blev til billeder fra deres egen virkelighed som er noget anderledes end det vi oplever i vores lille sm\u00f8rhul.&nbsp;\u00a9 Jan Jakobsen 2014.<\/p>\n<p><a title=\"Fotos fra H\u00f8m M\u00f8lle\" href=\"https:\/\/jan-jakobsen.dk\/hoem_moelle_slides.m4v\" target=\"_blank\" rel=\"noopener\">Fotos fra H\u00f8m M\u00f8lle<\/a>&nbsp;&nbsp;&#8211;&nbsp;[m4v] &#8211;&nbsp;Fotos taget ved H\u00f8m M\u00f8lle (Ringsted Mark). Ringsted Mark ligger lige syd for Ringsted. Drejer du ned ad H\u00f8m M\u00f8llevej (til h\u00f8jre lige efter Brugsen) skal du ikke ret langt ned ad vejen f\u00f8r den gamle vandm\u00f8lle toner frem i den sk\u00f8nneste natur langs Ringsted \u00c5.&nbsp;\u00a9 Jan Jakobsen 2014.<\/p>\n<p><a title=\"Fotos fra Ringsted Mark\" href=\"https:\/\/jan-jakobsen.dk\/ringstedmark_slides_2014.m4v\">Fotos fra Ringsted Mark<\/a>&nbsp;&nbsp;&#8211;&nbsp;[m4v] &#8211; Ringsted Mark ligger lige syd for Ringsted. Drejer du ned ad H\u00f8m M\u00f8llevej (til h\u00f8jre lige efter Brugsen) skal du ikke ret langt ned ad vejen forbi den gamle m\u00f8lle f\u00f8r du m\u00f8der den sk\u00f8nneste natur langs Ringsted \u00c5. \u00a9 Jan Jakobsen 2014.<\/p>\n<p><a title=\"Fotos fra Kilden i St. B\u00f8geskov\" href=\"https:\/\/jan-jakobsen.dk\/kilden_store_boegeskov_slides.m4v\" target=\"_blank\" rel=\"noopener\">Fotos fra Kilden i St. B\u00f8geskov<\/a>&nbsp; &#8211;&nbsp;[m4v] &#8211; &nbsp;Kilden i St. B\u00f8geskov lige ud til Gyrstinge S\u00f8.&nbsp;\u00a9 Jan Jakobsen 2014.<\/p>\n<p><a title=\"Ringsted Syd by Night\" href=\"https:\/\/jan-jakobsen.dk\/syd_by_night_slides.m4v\" target=\"_blank\" rel=\"noopener\">Ringsted Syd by Night<\/a>&nbsp;&nbsp;&#8211;&nbsp;[m4v] &#8211;&nbsp;&nbsp;&nbsp;En aften i april 2014 var kameraet med p\u00e5 en tur langs N\u00e6stvedvej.&nbsp;&nbsp;\u00a9 Jan Jakobsen 2014.<\/p>\n<p>&nbsp;<\/p>\n<p>&nbsp;<\/p>\n<h4>De midtsj\u00e6llandske kirker<\/h4>\n<p><a title=\"Allindemagle Kirke\" href=\"https:\/\/jan-jakobsen.dk\/midtsj_allindemagle\/index.html\">Allindemagle Kirke<\/a>&nbsp;(pr\u00f8veversion)<\/p>\n<p><a title=\"Allindemagle Kirke\" href=\"https:\/\/jan-jakobsen.dk\/midtsj_allindemagle_slides.m4v\" target=\"_blank\" rel=\"noopener\">Allindemagle kirke<\/a> &nbsp;&#8211;&nbsp;[m4v] &#8211;&nbsp;(PR\u00d8VEVERSION 2 &#8211; April 2015)<\/p>\n<p><span style=\"text-decoration: underline;\"><strong>BEM\u00c6RK VENLIGST:<\/strong><\/span> De fotos, du kan se under De Midtsj\u00e6llandske Kirker&nbsp;er historiske. De er taget omkring \u00e5r 2000. De kan derfor p\u00e5 ingen m\u00e5de tages som udtryk for, hvordan kirken ser ud i dag.<\/p>\n<p>Det betyder ogs\u00e5, at fotografierne er af en helt anden digital kvalitet end man m\u00e5 forvente i dag.<br \/>\nOprindeligt var fotografierne planlagt til at skulle indg\u00e5 i en serie, der omfattede fotos af alle kirker i Ringsted kommune. Projektet kuldsejlede, selv om det lykkedes at gennemf\u00f8re fotograferingen af samtlige kirker. Udvalgte dele af materialet har jeg nu besluttet at l\u00e6gge p\u00e5 web, s\u00e5 man med de givne forbehold kan se et stykke kirkehistorie.<br \/>\nFotogrfierne er kun overfladisk korrigerede og, der har ikke v\u00e6ret foretaget besk\u00e6ringer og opretning. Der er ikke \u00e6ndret i fotografiernes kronologi. Det betyder, at de vises i den r\u00e6kkef\u00f8lge,de er optaget og ikke som&nbsp;en sammenh\u00e6ngende guided tur rundt i kirkerne. Alle fotografier&nbsp;er af hensyn til afviklingen p\u00e5 web lagt ud i en begr\u00e6nset kvalitet.<br \/>\nFotografierne kan anvendes til privat brug og m\u00e5 under ingen omst\u00e6ndigheder g\u00f8res til genstand for kommerciel udnyttelse.<\/p>\n<p>&nbsp;<\/p>\n<p>Der l\u00e6gges inden for en ikke n\u00e6rmere bestemt tidsramme fotos ud efter samme koncept fra de \u00f8vrige kirker.<\/p>\n<p>\u00a9 Jan Jakobsen.<\/p>\n<p>&nbsp;<\/p>\n","protected":false},"excerpt":{"rendered":"<p>Via denne side kan du en en r\u00e6kke arkiver&nbsp;med fotos og videosekvenser, jeg har taget i tidens l\u00f8b. En del html-baserede slides er i 2015 konverteret til m4v-filer. De fylder lidt mere, men giver bedre afvikling. ET MINUT MED MUSKELSVIND: &hellip; <a href=\"https:\/\/jan-jakobsen.dk\/?page_id=3331\">L\u00e6s resten <span class=\"meta-nav\">&rarr;<\/span><\/a><\/p>\n","protected":false},"author":3,"featured_media":6306,"parent":197,"menu_order":5,"comment_status":"open","ping_status":"closed","template":"onecolumn-page.php","meta":{"footnotes":""},"class_list":["post-3331","page","type-page","status-publish","has-post-thumbnail","hentry"],"_links":{"self":[{"href":"https:\/\/jan-jakobsen.dk\/index.php?rest_route=\/wp\/v2\/pages\/3331","targetHints":{"allow":["GET"]}}],"collection":[{"href":"https:\/\/jan-jakobsen.dk\/index.php?rest_route=\/wp\/v2\/pages"}],"about":[{"href":"https:\/\/jan-jakobsen.dk\/index.php?rest_route=\/wp\/v2\/types\/page"}],"author":[{"embeddable":true,"href":"https:\/\/jan-jakobsen.dk\/index.php?rest_route=\/wp\/v2\/users\/3"}],"replies":[{"embeddable":true,"href":"https:\/\/jan-jakobsen.dk\/index.php?rest_route=%2Fwp%2Fv2%2Fcomments&post=3331"}],"version-history":[{"count":81,"href":"https:\/\/jan-jakobsen.dk\/index.php?rest_route=\/wp\/v2\/pages\/3331\/revisions"}],"predecessor-version":[{"id":59492,"href":"https:\/\/jan-jakobsen.dk\/index.php?rest_route=\/wp\/v2\/pages\/3331\/revisions\/59492"}],"up":[{"embeddable":true,"href":"https:\/\/jan-jakobsen.dk\/index.php?rest_route=\/wp\/v2\/pages\/197"}],"wp:featuredmedia":[{"embeddable":true,"href":"https:\/\/jan-jakobsen.dk\/index.php?rest_route=\/wp\/v2\/media\/6306"}],"wp:attachment":[{"href":"https:\/\/jan-jakobsen.dk\/index.php?rest_route=%2Fwp%2Fv2%2Fmedia&parent=3331"}],"curies":[{"name":"wp","href":"https:\/\/api.w.org\/{rel}","templated":true}]}}